{"id":6006,"date":"2022-07-29T06:44:46","date_gmt":"2022-07-28T21:44:46","guid":{"rendered":"https:\/\/cotoacademy.com\/studyinjapan\/posez-votre-candidature-pour-etudier-au-japon\/"},"modified":"2026-02-17T13:20:31","modified_gmt":"2026-02-17T04:20:31","slug":"posez-votre-candidature-pour-etudier-au-japon","status":"publish","type":"page","link":"https:\/\/studyinjapan.org\/fr\/posez-votre-candidature-pour-etudier-au-japon\/","title":{"rendered":"Posez votre candidature pour \u00e9tudier au Japon !"},"content":{"rendered":"\t\t<div data-elementor-type=\"wp-page\" data-elementor-id=\"6006\" class=\"elementor elementor-6006 elementor-1013\">\n\t\t\t\t<div class=\"elementor-element elementor-element-db47cb7 e-con-full e-flex wpr-particle-no wpr-jarallax-no wpr-parallax-no wpr-sticky-section-no wpr-column-slider-no wpr-equal-height-no e-con e-child\" data-id=\"db47cb7\" data-element_type=\"container\" data-e-type=\"container\" data-settings=\"{&quot;background_background&quot;:&quot;classic&quot;}\">\n\t\t\t\t<\/div>\n\t\t<div class=\"elementor-element elementor-element-a580ce4 e-con-full e-flex wpr-particle-no wpr-jarallax-no wpr-parallax-no wpr-sticky-section-no wpr-column-slider-no wpr-equal-height-no e-con e-parent\" data-id=\"a580ce4\" data-element_type=\"container\" data-e-type=\"container\">\n\t\t<div class=\"elementor-element elementor-element-6c8d1bd e-con-full e-flex wpr-particle-no wpr-jarallax-no wpr-parallax-no wpr-sticky-section-no wpr-column-slider-no wpr-equal-height-no e-con e-child\" data-id=\"6c8d1bd\" data-element_type=\"container\" data-e-type=\"container\">\n\t\t<div class=\"elementor-element elementor-element-c8d3a80 e-con-full elementor-hidden-desktop e-flex wpr-particle-no wpr-jarallax-no wpr-parallax-no wpr-sticky-section-no wpr-column-slider-no wpr-equal-height-no e-con e-child\" data-id=\"c8d3a80\" data-element_type=\"container\" data-e-type=\"container\">\n\t\t\t\t<div class=\"elementor-element elementor-element-e781208 elementor-widget__width-initial elementor-widget elementor-widget-heading\" data-id=\"e781208\" data-element_type=\"widget\" data-e-type=\"widget\" data-widget_type=\"heading.default\">\n\t\t\t\t<div class=\"elementor-widget-container\">\n\t\t\t\t\t<h2 class=\"elementor-heading-title elementor-size-default\">Votre voyage d'apprentissage du japonais commence aujourd'hui.<\/h2>\t\t\t\t<\/div>\n\t\t\t\t<\/div>\n\t\t\t\t<div class=\"elementor-element elementor-element-1e41a66 elementor-widget elementor-widget-heading\" data-id=\"1e41a66\" data-element_type=\"widget\" data-e-type=\"widget\" data-widget_type=\"heading.default\">\n\t\t\t\t<div class=\"elementor-widget-container\">\n\t\t\t\t\t<p class=\"elementor-heading-title elementor-size-default\">Prenons contact. Vous pouvez prendre un rendez-vous gratuit en remplissant ce formulaire.<\/p>\t\t\t\t<\/div>\n\t\t\t\t<\/div>\n\t\t\t\t<\/div>\n\t\t\t\t<div class=\"elementor-element elementor-element-c8cb766 elementor-widget elementor-widget-hubspot-form\" data-id=\"c8cb766\" data-element_type=\"widget\" data-e-type=\"widget\" data-widget_type=\"hubspot-form.default\">\n\t\t\t\t<div class=\"elementor-widget-container\">\n\t\t\t\t\t\n\t\t\t\t\t\t<script>\n\t\t\t\t\t\t\twindow.hsFormsOnReady = window.hsFormsOnReady || [];\n\t\t\t\t\t\t\twindow.hsFormsOnReady.push(()=>{\n\t\t\t\t\t\t\t\thbspt.forms.create({\n\t\t\t\t\t\t\t\t\tportalId: 8680638,\n\t\t\t\t\t\t\t\t\tformId: \"80699dd9-c9ea-47f1-88fd-cb745d87af7c\",\n\t\t\t\t\t\t\t\t\ttarget: \"#hbspt-form-1778690163000-4122637389\",\n\t\t\t\t\t\t\t\t\tregion: \"na1\",\n\t\t\t\t\t\t\t\t\t\n\t\t\t\t\t\t\t})});\n\t\t\t\t\t\t<\/script>\n\t\t\t\t\t\t<div class=\"hbspt-form\" id=\"hbspt-form-1778690163000-4122637389\"><\/div>\t\t\t\t<\/div>\n\t\t\t\t<\/div>\n\t\t\t\t<\/div>\n\t\t<div class=\"elementor-element elementor-element-e59c888 e-con-full elementor-hidden-tablet elementor-hidden-mobile e-flex wpr-particle-no wpr-jarallax-no wpr-parallax-no wpr-sticky-section-no wpr-column-slider-no wpr-equal-height-no e-con e-child\" data-id=\"e59c888\" data-element_type=\"container\" data-e-type=\"container\">\n\t\t\t\t<div class=\"elementor-element elementor-element-79dd41e elementor-widget__width-initial elementor-widget elementor-widget-heading\" data-id=\"79dd41e\" data-element_type=\"widget\" data-e-type=\"widget\" data-widget_type=\"heading.default\">\n\t\t\t\t<div class=\"elementor-widget-container\">\n\t\t\t\t\t<h2 class=\"elementor-heading-title elementor-size-default\">Votre voyage d'apprentissage du japonais commence aujourd'hui.<\/h2>\t\t\t\t<\/div>\n\t\t\t\t<\/div>\n\t\t\t\t<div class=\"elementor-element elementor-element-3d20594 elementor-widget elementor-widget-heading\" data-id=\"3d20594\" data-element_type=\"widget\" data-e-type=\"widget\" data-widget_type=\"heading.default\">\n\t\t\t\t<div class=\"elementor-widget-container\">\n\t\t\t\t\t<p class=\"elementor-heading-title elementor-size-default\">Prenons contact. Vous pouvez prendre un rendez-vous gratuit en remplissant ce formulaire.<\/p>\t\t\t\t<\/div>\n\t\t\t\t<\/div>\n\t\t\t\t<\/div>\n\t\t\t\t<\/div>\n\t\t<div class=\"elementor-element elementor-element-26f83ac e-con-full e-flex wpr-particle-no wpr-jarallax-no wpr-parallax-no wpr-sticky-section-no wpr-column-slider-no wpr-equal-height-no e-con e-parent\" data-id=\"26f83ac\" data-element_type=\"container\" data-e-type=\"container\" data-settings=\"{&quot;background_background&quot;:&quot;classic&quot;}\">\n\t\t<div class=\"elementor-element elementor-element-b87afcf e-con-full e-flex wpr-particle-no wpr-jarallax-no wpr-parallax-no wpr-sticky-section-no wpr-column-slider-no wpr-equal-height-no e-con e-child\" data-id=\"b87afcf\" data-element_type=\"container\" data-e-type=\"container\">\n\t\t<div class=\"elementor-element elementor-element-8528579 e-con-full e-flex wpr-particle-no wpr-jarallax-no wpr-parallax-no wpr-sticky-section-no wpr-column-slider-no wpr-equal-height-no e-con e-child\" data-id=\"8528579\" data-element_type=\"container\" data-e-type=\"container\">\n\t\t<div class=\"elementor-element elementor-element-d461bec e-con-full e-flex wpr-particle-no wpr-jarallax-no wpr-parallax-no wpr-sticky-section-no wpr-column-slider-no wpr-equal-height-no e-con e-child\" data-id=\"d461bec\" data-element_type=\"container\" data-e-type=\"container\" data-settings=\"{&quot;background_background&quot;:&quot;classic&quot;}\">\n\t\t\t\t<div class=\"elementor-element elementor-element-843082f elementor-position-top elementor-widget elementor-widget-image-box\" data-id=\"843082f\" data-element_type=\"widget\" data-e-type=\"widget\" data-widget_type=\"image-box.default\">\n\t\t\t\t<div class=\"elementor-widget-container\">\n\t\t\t\t\t<div class=\"elementor-image-box-wrapper\"><figure class=\"elementor-image-box-img\"><img decoding=\"async\" src=\"https:\/\/studyinjapan.org\/wp-content\/uploads\/elementor\/thumbs\/011-user-pozq5sp2v3uxl3nhrc0frztl54yqzf8ibsnrgm09pc.png\" title=\"011-user\" alt=\"011-user\" loading=\"lazy\" \/><\/figure><div class=\"elementor-image-box-content\"><h3 class=\"elementor-image-box-title\">Consultation gratuite en ligne sur <\/br> <\/h3><p class=\"elementor-image-box-description\">Prenez un rendez-vous gratuit en ligne avec nous pour discuter directement de ce que vous recherchez. Nous r\u00e9pondrons \u00e0 toutes les questions que vous vous posez sur la vie et les \u00e9tudes au Japon.<\/p><\/div><\/div>\t\t\t\t<\/div>\n\t\t\t\t<\/div>\n\t\t\t\t<\/div>\n\t\t<div class=\"elementor-element elementor-element-51dc44f e-con-full e-flex wpr-particle-no wpr-jarallax-no wpr-parallax-no wpr-sticky-section-no wpr-column-slider-no wpr-equal-height-no e-con e-child\" data-id=\"51dc44f\" data-element_type=\"container\" data-e-type=\"container\">\n\t\t\t\t<\/div>\n\t\t<div class=\"elementor-element elementor-element-b8bc540 e-con-full e-flex wpr-particle-no wpr-jarallax-no wpr-parallax-no wpr-sticky-section-no wpr-column-slider-no wpr-equal-height-no e-con e-child\" data-id=\"b8bc540\" data-element_type=\"container\" data-e-type=\"container\" data-settings=\"{&quot;background_background&quot;:&quot;classic&quot;}\">\n\t\t\t\t<div class=\"elementor-element elementor-element-0b6e4bc elementor-position-top elementor-widget elementor-widget-image-box\" data-id=\"0b6e4bc\" data-element_type=\"widget\" data-e-type=\"widget\" data-widget_type=\"image-box.default\">\n\t\t\t\t<div class=\"elementor-widget-container\">\n\t\t\t\t\t<div class=\"elementor-image-box-wrapper\"><figure class=\"elementor-image-box-img\"><img decoding=\"async\" src=\"https:\/\/studyinjapan.org\/wp-content\/uploads\/elementor\/thumbs\/007-world-pozq607sds585zckjf9gbxx9w7xop02d0tvnatp4bk.png\" title=\"007-world\" alt=\"007-world\" loading=\"lazy\" \/><\/figure><div class=\"elementor-image-box-content\"><h3 class=\"elementor-image-box-title\">Reach Out <\/br> N'importe o\u00f9, n'importe quand<\/h3><p class=\"elementor-image-box-description\">Diff\u00e9rents fuseaux horaires ? Vous habitez \u00e0 l'autre bout du monde ? Il n'y a pas de probl\u00e8me. Coto School Finder est l\u00e0 pour discuter avec vous.<\/p><\/div><\/div>\t\t\t\t<\/div>\n\t\t\t\t<\/div>\n\t\t\t\t<\/div>\n\t\t<div class=\"elementor-element elementor-element-f189ef2 e-con-full e-flex wpr-particle-no wpr-jarallax-no wpr-parallax-no wpr-sticky-section-no wpr-column-slider-no wpr-equal-height-no e-con e-child\" data-id=\"f189ef2\" data-element_type=\"container\" data-e-type=\"container\">\n\t\t\t\t<\/div>\n\t\t<div class=\"elementor-element elementor-element-403941c e-con-full e-flex wpr-particle-no wpr-jarallax-no wpr-parallax-no wpr-sticky-section-no wpr-column-slider-no wpr-equal-height-no e-con e-child\" data-id=\"403941c\" data-element_type=\"container\" data-e-type=\"container\" data-settings=\"{&quot;background_background&quot;:&quot;classic&quot;}\">\n\t\t\t\t<div class=\"elementor-element elementor-element-d79ae47 elementor-position-top elementor-widget elementor-widget-image-box\" data-id=\"d79ae47\" data-element_type=\"widget\" data-e-type=\"widget\" data-widget_type=\"image-box.default\">\n\t\t\t\t<div class=\"elementor-widget-container\">\n\t\t\t\t\t<div class=\"elementor-image-box-wrapper\"><figure class=\"elementor-image-box-img\"><img decoding=\"async\" src=\"https:\/\/studyinjapan.org\/wp-content\/uploads\/elementor\/thumbs\/030-hourglass-pozq4uuw12klz50n8xdva8czr9ljabi6756a6nefxc.png\" title=\"030-hourglass\" alt=\"030-hourglass\" loading=\"lazy\" \/><\/figure><div class=\"elementor-image-box-content\"><h3 class=\"elementor-image-box-title\">Nous sommes l\u00e0 pour vous aider<\/h3><p class=\"elementor-image-box-description\">Envoyez-nous un courriel ou, mieux encore, remplissez ce formulaire de contact. Notre \u00e9quipe a pour priorit\u00e9 de vous r\u00e9pondre dans un d\u00e9lai de 1 \u00e0 2 jours ouvrables - parfois dans les heures qui suivent !<\/p><\/div><\/div>\t\t\t\t<\/div>\n\t\t\t\t<\/div>\n\t\t\t\t<\/div>\n\t\t\t\t<\/div>\n\t\t\t\t<div class=\"elementor-element elementor-element-6bb1bd7 wpr-stt-btn-align-fixed wpr-stt-btn-align-fixed-right elementor-widget elementor-widget-wpr-back-to-top\" data-id=\"6bb1bd7\" data-element_type=\"widget\" data-e-type=\"widget\" data-widget_type=\"wpr-back-to-top.default\">\n\t\t\t\t<div class=\"elementor-widget-container\">\n\t\t\t\t\t<div class=\"wpr-stt-wrapper\"><div class='wpr-stt-btn' data-settings='{&quot;animation&quot;:&quot;none&quot;,&quot;animationOffset&quot;:&quot;0&quot;,&quot;animationDuration&quot;:&quot;200&quot;,&quot;fixed&quot;:&quot;fixed&quot;,&quot;scrolAnim&quot;:&quot;800&quot;}'><span class=\"wpr-stt-icon\"><svg class=\"e-font-icon-svg e-fas-chevron-up\" viewBox=\"0 0 448 512\" xmlns=\"http:\/\/www.w3.org\/2000\/svg\"><path d=\"M240.971 130.524l194.343 194.343c9.373 9.373 9.373 24.569 0 33.941l-22.667 22.667c-9.357 9.357-24.522 9.375-33.901.04L224 227.495 69.255 381.516c-9.379 9.335-24.544 9.317-33.901-.04l-22.667-22.667c-9.373-9.373-9.373-24.569 0-33.941L207.03 130.525c9.372-9.373 24.568-9.373 33.941-.001z\"><\/path><\/svg><\/span><\/div><\/div>\t\t\t\t<\/div>\n\t\t\t\t<\/div>\n\t\t\t\t<\/div>\n\t\t\t\t<\/div>\n\t\t\t\t<\/div>\n\t\t","protected":false},"excerpt":{"rendered":"<p>Votre voyage d&rsquo;apprentissage du japonais commence aujourd&rsquo;hui. Prenons contact. Vous pouvez prendre un rendez-vous gratuit en remplissant ce formulaire. Votre voyage d&rsquo;apprentissage du japonais commence aujourd&rsquo;hui. Prenons contact. Vous pouvez prendre un rendez-vous gratuit en remplissant ce formulaire. Consultation gratuite en ligne sur Prenez un rendez-vous gratuit en ligne avec nous pour discuter directement de ce que vous recherchez. Nous r\u00e9pondrons \u00e0 toutes les questions que vous vous posez sur la vie et les \u00e9tudes au Japon. Reach Out N&rsquo;importe o\u00f9, n&rsquo;importe quand Diff\u00e9rents fuseaux horaires ? Vous habitez \u00e0 l&rsquo;autre bout du monde ? Il n&rsquo;y a pas de probl\u00e8me. Coto School Finder est l\u00e0 pour discuter avec vous. Nous sommes l\u00e0 pour vous aider Envoyez-nous un courriel ou, mieux encore, remplissez ce formulaire de contact. Notre \u00e9quipe a pour priorit\u00e9 de vous r\u00e9pondre dans un d\u00e9lai de 1 \u00e0 2 jours ouvrables &#8211; parfois dans les heures qui suivent !<\/p>\n","protected":false},"author":1,"featured_media":8639,"parent":0,"menu_order":0,"comment_status":"closed","ping_status":"closed","template":"elementor_header_footer","meta":{"_acf_changed":false,"content-type":"","om_disable_all_campaigns":false,"_monsterinsights_skip_tracking":false,"_monsterinsights_sitenote_active":false,"_monsterinsights_sitenote_note":"","_monsterinsights_sitenote_category":0,"footnotes":""},"class_list":["post-6006","page","type-page","status-publish","has-post-thumbnail","hentry","content-box content-box-wrapper"],"acf":[],"yoast_head":"<!-- This site is optimized with the Yoast SEO plugin v24.6 - https:\/\/yoast.com\/wordpress\/plugins\/seo\/ -->\n<title>Posez votre candidature pour \u00e9tudier au Japon ! | Coto School Finder<\/title>\n<meta name=\"robots\" content=\"index, follow, max-snippet:-1, max-image-preview:large, max-video-preview:-1\" \/>\n<link rel=\"canonical\" href=\"https:\/\/studyinjapan.org\/fr\/posez-votre-candidature-pour-etudier-au-japon\/\" \/>\n<meta property=\"og:locale\" content=\"fr_FR\" \/>\n<meta property=\"og:type\" content=\"article\" \/>\n<meta property=\"og:title\" content=\"Posez votre candidature pour \u00e9tudier au Japon ! | Coto School Finder\" \/>\n<meta property=\"og:description\" content=\"Votre voyage d&rsquo;apprentissage du japonais commence aujourd&rsquo;hui. Prenons contact. Vous pouvez prendre un rendez-vous gratuit en remplissant ce formulaire. Votre voyage d&rsquo;apprentissage du japonais commence aujourd&rsquo;hui. Prenons contact. Vous pouvez prendre un rendez-vous gratuit en remplissant ce formulaire. Consultation gratuite en ligne sur Prenez un rendez-vous gratuit en ligne avec nous pour discuter directement de ce que vous recherchez. Nous r\u00e9pondrons \u00e0 toutes les questions que vous vous posez sur la vie et les \u00e9tudes au Japon. Reach Out N&rsquo;importe o\u00f9, n&rsquo;importe quand Diff\u00e9rents fuseaux horaires ? Vous habitez \u00e0 l&rsquo;autre bout du monde ? Il n&rsquo;y a pas de probl\u00e8me. Coto School Finder est l\u00e0 pour discuter avec vous. Nous sommes l\u00e0 pour vous aider Envoyez-nous un courriel ou, mieux encore, remplissez ce formulaire de contact. Notre \u00e9quipe a pour priorit\u00e9 de vous r\u00e9pondre dans un d\u00e9lai de 1 \u00e0 2 jours ouvrables &#8211; parfois dans les heures qui suivent !\" \/>\n<meta property=\"og:url\" content=\"https:\/\/studyinjapan.org\/fr\/posez-votre-candidature-pour-etudier-au-japon\/\" \/>\n<meta property=\"og:site_name\" content=\"Coto School Finder | Study in Japan\" \/>\n<meta property=\"article:modified_time\" content=\"2026-02-17T04:20:31+00:00\" \/>\n<meta property=\"og:image\" content=\"https:\/\/studyinjapan.org\/wp-content\/uploads\/2025\/07\/DSC02106-scaled.jpg\" \/>\n\t<meta property=\"og:image:width\" content=\"2560\" \/>\n\t<meta property=\"og:image:height\" content=\"1707\" \/>\n\t<meta property=\"og:image:type\" content=\"image\/jpeg\" \/>\n<meta name=\"twitter:card\" content=\"summary_large_image\" \/>\n<meta name=\"twitter:label1\" content=\"Dur\u00e9e de lecture estim\u00e9e\" \/>\n\t<meta name=\"twitter:data1\" content=\"2 minutes\" \/>\n<script type=\"application\/ld+json\" class=\"yoast-schema-graph\">{\"@context\":\"https:\/\/schema.org\",\"@graph\":[{\"@type\":\"WebPage\",\"@id\":\"https:\/\/studyinjapan.org\/fr\/posez-votre-candidature-pour-etudier-au-japon\/\",\"url\":\"https:\/\/studyinjapan.org\/fr\/posez-votre-candidature-pour-etudier-au-japon\/\",\"name\":\"Posez votre candidature pour \u00e9tudier au Japon ! | Coto School Finder\",\"isPartOf\":{\"@id\":\"https:\/\/studyinjapan.org\/#website\"},\"primaryImageOfPage\":{\"@id\":\"https:\/\/studyinjapan.org\/fr\/posez-votre-candidature-pour-etudier-au-japon\/#primaryimage\"},\"image\":{\"@id\":\"https:\/\/studyinjapan.org\/fr\/posez-votre-candidature-pour-etudier-au-japon\/#primaryimage\"},\"thumbnailUrl\":\"https:\/\/studyinjapan.org\/wp-content\/uploads\/2025\/07\/DSC02106-scaled.jpg\",\"datePublished\":\"2022-07-28T21:44:46+00:00\",\"dateModified\":\"2026-02-17T04:20:31+00:00\",\"breadcrumb\":{\"@id\":\"https:\/\/studyinjapan.org\/fr\/posez-votre-candidature-pour-etudier-au-japon\/#breadcrumb\"},\"inLanguage\":\"fr-FR\",\"potentialAction\":[{\"@type\":\"ReadAction\",\"target\":[\"https:\/\/studyinjapan.org\/fr\/posez-votre-candidature-pour-etudier-au-japon\/\"]}]},{\"@type\":\"ImageObject\",\"inLanguage\":\"fr-FR\",\"@id\":\"https:\/\/studyinjapan.org\/fr\/posez-votre-candidature-pour-etudier-au-japon\/#primaryimage\",\"url\":\"https:\/\/studyinjapan.org\/wp-content\/uploads\/2025\/07\/DSC02106-scaled.jpg\",\"contentUrl\":\"https:\/\/studyinjapan.org\/wp-content\/uploads\/2025\/07\/DSC02106-scaled.jpg\",\"width\":2560,\"height\":1707,\"caption\":\"Coto School Finder, study in Japan, student having consultation\"},{\"@type\":\"BreadcrumbList\",\"@id\":\"https:\/\/studyinjapan.org\/fr\/posez-votre-candidature-pour-etudier-au-japon\/#breadcrumb\",\"itemListElement\":[{\"@type\":\"ListItem\",\"position\":1,\"name\":\"Home\",\"item\":\"https:\/\/studyinjapan.org\/\"},{\"@type\":\"ListItem\",\"position\":2,\"name\":\"Posez votre candidature pour \u00e9tudier au Japon !\"}]},{\"@type\":\"WebSite\",\"@id\":\"https:\/\/studyinjapan.org\/#website\",\"url\":\"https:\/\/studyinjapan.org\/\",\"name\":\"Coto School Finder | Study in Japan\",\"description\":\"Japanese Language Schools &amp; Visa Info\",\"publisher\":{\"@id\":\"https:\/\/studyinjapan.org\/#organization\"},\"potentialAction\":[{\"@type\":\"SearchAction\",\"target\":{\"@type\":\"EntryPoint\",\"urlTemplate\":\"https:\/\/studyinjapan.org\/?s={search_term_string}\"},\"query-input\":{\"@type\":\"PropertyValueSpecification\",\"valueRequired\":true,\"valueName\":\"search_term_string\"}}],\"inLanguage\":\"fr-FR\"},{\"@type\":\"Organization\",\"@id\":\"https:\/\/studyinjapan.org\/#organization\",\"name\":\"Coto School Finder | Study in Japan\",\"url\":\"https:\/\/studyinjapan.org\/\",\"logo\":{\"@type\":\"ImageObject\",\"inLanguage\":\"fr-FR\",\"@id\":\"https:\/\/studyinjapan.org\/#\/schema\/logo\/image\/\",\"url\":\"https:\/\/studyinjapan.org\/wp-content\/uploads\/2025\/05\/newsij_blackred_1.svg\",\"contentUrl\":\"https:\/\/studyinjapan.org\/wp-content\/uploads\/2025\/05\/newsij_blackred_1.svg\",\"width\":1138,\"height\":590,\"caption\":\"Coto School Finder | Study in Japan\"},\"image\":{\"@id\":\"https:\/\/studyinjapan.org\/#\/schema\/logo\/image\/\"}}]}<\/script>\n<!-- \/ Yoast SEO plugin. -->","yoast_head_json":{"title":"Posez votre candidature pour \u00e9tudier au Japon ! | Coto School Finder","robots":{"index":"index","follow":"follow","max-snippet":"max-snippet:-1","max-image-preview":"max-image-preview:large","max-video-preview":"max-video-preview:-1"},"canonical":"https:\/\/studyinjapan.org\/fr\/posez-votre-candidature-pour-etudier-au-japon\/","og_locale":"fr_FR","og_type":"article","og_title":"Posez votre candidature pour \u00e9tudier au Japon ! | Coto School Finder","og_description":"Votre voyage d&rsquo;apprentissage du japonais commence aujourd&rsquo;hui. Prenons contact. Vous pouvez prendre un rendez-vous gratuit en remplissant ce formulaire. Votre voyage d&rsquo;apprentissage du japonais commence aujourd&rsquo;hui. Prenons contact. Vous pouvez prendre un rendez-vous gratuit en remplissant ce formulaire. Consultation gratuite en ligne sur Prenez un rendez-vous gratuit en ligne avec nous pour discuter directement de ce que vous recherchez. Nous r\u00e9pondrons \u00e0 toutes les questions que vous vous posez sur la vie et les \u00e9tudes au Japon. Reach Out N&rsquo;importe o\u00f9, n&rsquo;importe quand Diff\u00e9rents fuseaux horaires ? Vous habitez \u00e0 l&rsquo;autre bout du monde ? Il n&rsquo;y a pas de probl\u00e8me. Coto School Finder est l\u00e0 pour discuter avec vous. Nous sommes l\u00e0 pour vous aider Envoyez-nous un courriel ou, mieux encore, remplissez ce formulaire de contact. Notre \u00e9quipe a pour priorit\u00e9 de vous r\u00e9pondre dans un d\u00e9lai de 1 \u00e0 2 jours ouvrables &#8211; parfois dans les heures qui suivent !","og_url":"https:\/\/studyinjapan.org\/fr\/posez-votre-candidature-pour-etudier-au-japon\/","og_site_name":"Coto School Finder | Study in Japan","article_modified_time":"2026-02-17T04:20:31+00:00","og_image":[{"width":2560,"height":1707,"url":"https:\/\/studyinjapan.org\/wp-content\/uploads\/2025\/07\/DSC02106-scaled.jpg","type":"image\/jpeg"}],"twitter_card":"summary_large_image","twitter_misc":{"Dur\u00e9e de lecture estim\u00e9e":"2 minutes"},"schema":{"@context":"https:\/\/schema.org","@graph":[{"@type":"WebPage","@id":"https:\/\/studyinjapan.org\/fr\/posez-votre-candidature-pour-etudier-au-japon\/","url":"https:\/\/studyinjapan.org\/fr\/posez-votre-candidature-pour-etudier-au-japon\/","name":"Posez votre candidature pour \u00e9tudier au Japon ! | Coto School Finder","isPartOf":{"@id":"https:\/\/studyinjapan.org\/#website"},"primaryImageOfPage":{"@id":"https:\/\/studyinjapan.org\/fr\/posez-votre-candidature-pour-etudier-au-japon\/#primaryimage"},"image":{"@id":"https:\/\/studyinjapan.org\/fr\/posez-votre-candidature-pour-etudier-au-japon\/#primaryimage"},"thumbnailUrl":"https:\/\/studyinjapan.org\/wp-content\/uploads\/2025\/07\/DSC02106-scaled.jpg","datePublished":"2022-07-28T21:44:46+00:00","dateModified":"2026-02-17T04:20:31+00:00","breadcrumb":{"@id":"https:\/\/studyinjapan.org\/fr\/posez-votre-candidature-pour-etudier-au-japon\/#breadcrumb"},"inLanguage":"fr-FR","potentialAction":[{"@type":"ReadAction","target":["https:\/\/studyinjapan.org\/fr\/posez-votre-candidature-pour-etudier-au-japon\/"]}]},{"@type":"ImageObject","inLanguage":"fr-FR","@id":"https:\/\/studyinjapan.org\/fr\/posez-votre-candidature-pour-etudier-au-japon\/#primaryimage","url":"https:\/\/studyinjapan.org\/wp-content\/uploads\/2025\/07\/DSC02106-scaled.jpg","contentUrl":"https:\/\/studyinjapan.org\/wp-content\/uploads\/2025\/07\/DSC02106-scaled.jpg","width":2560,"height":1707,"caption":"Coto School Finder, study in Japan, student having consultation"},{"@type":"BreadcrumbList","@id":"https:\/\/studyinjapan.org\/fr\/posez-votre-candidature-pour-etudier-au-japon\/#breadcrumb","itemListElement":[{"@type":"ListItem","position":1,"name":"Home","item":"https:\/\/studyinjapan.org\/"},{"@type":"ListItem","position":2,"name":"Posez votre candidature pour \u00e9tudier au Japon !"}]},{"@type":"WebSite","@id":"https:\/\/studyinjapan.org\/#website","url":"https:\/\/studyinjapan.org\/","name":"Coto School Finder | Study in Japan","description":"Japanese Language Schools &amp; Visa Info","publisher":{"@id":"https:\/\/studyinjapan.org\/#organization"},"potentialAction":[{"@type":"SearchAction","target":{"@type":"EntryPoint","urlTemplate":"https:\/\/studyinjapan.org\/?s={search_term_string}"},"query-input":{"@type":"PropertyValueSpecification","valueRequired":true,"valueName":"search_term_string"}}],"inLanguage":"fr-FR"},{"@type":"Organization","@id":"https:\/\/studyinjapan.org\/#organization","name":"Coto School Finder | Study in Japan","url":"https:\/\/studyinjapan.org\/","logo":{"@type":"ImageObject","inLanguage":"fr-FR","@id":"https:\/\/studyinjapan.org\/#\/schema\/logo\/image\/","url":"https:\/\/studyinjapan.org\/wp-content\/uploads\/2025\/05\/newsij_blackred_1.svg","contentUrl":"https:\/\/studyinjapan.org\/wp-content\/uploads\/2025\/05\/newsij_blackred_1.svg","width":1138,"height":590,"caption":"Coto School Finder | Study in Japan"},"image":{"@id":"https:\/\/studyinjapan.org\/#\/schema\/logo\/image\/"}}]}},"jetpack_sharing_enabled":true,"_links":{"self":[{"href":"https:\/\/studyinjapan.org\/fr\/wp-json\/wp\/v2\/pages\/6006","targetHints":{"allow":["GET"]}}],"collection":[{"href":"https:\/\/studyinjapan.org\/fr\/wp-json\/wp\/v2\/pages"}],"about":[{"href":"https:\/\/studyinjapan.org\/fr\/wp-json\/wp\/v2\/types\/page"}],"author":[{"embeddable":true,"href":"https:\/\/studyinjapan.org\/fr\/wp-json\/wp\/v2\/users\/1"}],"replies":[{"embeddable":true,"href":"https:\/\/studyinjapan.org\/fr\/wp-json\/wp\/v2\/comments?post=6006"}],"version-history":[{"count":1,"href":"https:\/\/studyinjapan.org\/fr\/wp-json\/wp\/v2\/pages\/6006\/revisions"}],"predecessor-version":[{"id":6008,"href":"https:\/\/studyinjapan.org\/fr\/wp-json\/wp\/v2\/pages\/6006\/revisions\/6008"}],"wp:featuredmedia":[{"embeddable":true,"href":"https:\/\/studyinjapan.org\/fr\/wp-json\/wp\/v2\/media\/8639"}],"wp:attachment":[{"href":"https:\/\/studyinjapan.org\/fr\/wp-json\/wp\/v2\/media?parent=6006"}],"curies":[{"name":"wp","href":"https:\/\/api.w.org\/{rel}","templated":true}]}}